{"id":1050,"date":"2022-08-12T15:09:20","date_gmt":"2022-08-12T15:09:20","guid":{"rendered":"https:\/\/milformatos.com\/us\/?page_id=1050"},"modified":"2023-01-03T21:14:02","modified_gmt":"2023-01-03T21:14:02","slug":"contratos","status":"publish","type":"page","link":"https:\/\/milformatos.com\/us\/contratos\/","title":{"rendered":"Contratos en Ingl\u00e9s"},"content":{"rendered":"<p>Los <strong>contratos en ingl\u00e9s, contracts o agreements, al igual que <a href=\"https:\/\/milformatos.com\/contratos\/\">su versi\u00f3n en espa\u00f1ol<\/a>,<\/strong> son acuerdos entre dos o m\u00e1s partes que se ponen de acuerdo y expresan su consentimiento <strong>para generar, regular, modificar, transferir o finalizar derechos y obligaciones.<\/strong> Siempre ser\u00e1 de acuerdo a la ley vigente y pueden ser escritos u orales.<\/p>\n<p>Son de suma importancia, ya que <strong>es un medio legal que puedes utilizar para resguardarte y asegurarte<\/strong> que se cumplan todas las cosas acordadas con la otra parte. Asimismo, en caso de que surgiera alg\u00fan desacuerdo, tambi\u00e9n podr\u00eda estar aclarado el medio para resolverlo.<\/p>\n<p>Hoy en d\u00eda, en el mundo globalizado en el que nos encontramos, es posible que, ya sea por cuestiones laborales, acad\u00e9micas o de otra \u00edndole, nos veamos en la necesidad de redactar un contrato en ingl\u00e9s. Es por ello que en Milformatos nos hemos dado a la tarea de reunir los contratos m\u00e1s utilizados con una sencilla explicaci\u00f3n, ejemplos en ingl\u00e9s y en espa\u00f1ol, y formatos en diferentes programas para que puedas descargarlos, editarlos y redactar el tuyo.<\/p>\n<h2>Elementos del Contrato en ingl\u00e9s<\/h2>\n<p>Existen ciertos elementos en un contrato que deben existir para que el mismo sea v\u00e1lido, estos son:<\/p>\n<ul>\n<li><strong>Consentimiento &#8211; Consent:<\/strong> Refiere a la manifestaci\u00f3n de la voluntad de todas las partes. As\u00ed sea m\u00ednima,si existe una discrepancia no puede existir el contrato.<\/li>\n<li><strong>Objeto &#8211; Object:<\/strong> Se refiere al motivo del contrato, a la obligaci\u00f3n que genera.<\/li>\n<li><strong>Forma &#8211; Form:<\/strong> Es fundamental la manera en que el contrato haya sido pactado.<\/li>\n<li><strong>Efectos del contrato &#8211; Effects of the contract:<\/strong> S\u00f3lo producen efectos entre las partes que los dan y sus herederos, excepto si se trata de derechos y obligaciones no transmisibles.<\/li>\n<\/ul>\n<h2>Tipos de contratos en Ingl\u00e9s<\/h2>\n<p>De igual manera que en espa\u00f1ol, existen numerosos tipos de contratos en ingl\u00e9s. Algunos de los m\u00e1s populares son:<\/p>\n<ul>\n<li><strong>Contrato escrito &#8211; <em>Written contract<\/em>:<\/strong> Se realizan por escrito y brindan una garant\u00eda certera que los contratos verbales. Pueden incluir materiales, per\u00edodos de tiempo, pagos y procedimientos en caso de disputa.<\/li>\n<li><strong>Contrato verbal &#8211; <em>Verbal contracts<\/em>:<\/strong> Muchas veces se realizan este tipo a la hora de contratar. Funcionan a la perfecci\u00f3n cuando no hay disputas, y un tribunal puede hacerlo cumplir.<\/li>\n<li><strong>Contrato expreso &#8211; <em>Express contract<\/em>:<\/strong> Se pueden comunicar de forma escrita u oral.<\/li>\n<li><strong>Contrato impl\u00edcito &#8211; <em>Implied contract<\/em>:<\/strong> La conducta de las partes se\u00f1ala que estuvieron de acuerdo.<\/li>\n<li><strong>Contrato unilateral &#8211; <em>Unilateral contract<\/em>:<\/strong> Se acepta una oferta realizando lo solicitado.<\/li>\n<li><strong>Contrato bilateral &#8211; <em>Bilateral contract<\/em>:<\/strong> Alguien acepta una oferta comprometi\u00e9ndose a realizar lo solicitado.<\/li>\n<li><strong>Contrato sencillo &#8211; <em>Simple contract<\/em>:<\/strong> Cualquier acuerdo sea escrito o verbal.No se requiere testigos ni firmas.<\/li>\n<li><strong>Contrato bajo sello &#8211; <em>Contract under seal<\/em>:<\/strong> De acuerdo a la tradici\u00f3n, un contrato es un acto jur\u00eddico s\u00f3lo si est\u00e1 sellado.<\/li>\n<li><strong>Contrato de adhesi\u00f3n &#8211;<em> Adhesion Contracts<\/em>:<\/strong> Es la clase de contrato que se conoce como \u201ct\u00f3malo o d\u00e9jalo\u201d. Aqu\u00ed la parte con m\u00e1s ventajas le proponen a la parte con menos recursos un trato y s\u00f3lo se puede aceptar o rechazar.<\/li>\n<li><strong>Contratos aleatorios &#8211; <em>Aleatory contracts<\/em>:<\/strong> Son acuerdos mutuos donde los efectos se activan en circunstancias inciertas, y una o ambas partes asumen el riesgo.<\/li>\n<\/ul>\n<h2>\u00bfCu\u00e1les son las partes de un contrato en ingl\u00e9s?<\/h2>\n<p>Saber cu\u00e1les son las partes de un contrato en ingl\u00e9s te ayudar\u00e1 a comprenderlo mucho mejor en todo su conjunto. De hecho, es m\u00e1s \u00fatil de lo que podr\u00eda parecer. La estructura es particular, bastante parecida a los contratos en espa\u00f1ol, pero con algunas diferencias.<\/p>\n<p>El esquema m\u00e1s com\u00fan que podr\u00e1s encontrar es el siguiente:<\/p>\n<p style=\"text-align: center;\">Portada<br \/>\n\u00cdndice<br \/>\nEncabezado<br \/>\nPre\u00e1mbulo<br \/>\nCl\u00e1usulas<br \/>\nCierre<br \/>\nFirmas<br \/>\nAnexos si los hubiera<\/p>\n<h2>Vocabulario de contratos en ingl\u00e9s<\/h2>\n<p>Si no eres un experto profesional en el tema y si adem\u00e1s el ingl\u00e9s no es tu lengua madre, de seguro encontrar\u00e1s muchas expresiones del vocabulario de los contratos en ingl\u00e9s que no te resultar\u00e1n para nada familiares.<br \/>\nSi bien cada contrato es particular, existen algunas palabras espec\u00edficas que ser\u00e1n usadas com\u00fanmente en ellos, por ejemplo:<\/p>\n<ul>\n<li><strong>ADR (Alternative Dispute Resolution) &#8211; Resoluci\u00f3n Alternativa de Disputas:<\/strong> Los contratos en ingl\u00e9s pueden tener una cl\u00e1usula que indique c\u00f3mo resolver los desacuerdos si estos ocurrieran. Los ADR son los m\u00e9todos para resolver cualquier disputa sin necesidad de acudir a los tribunales. Por ejemplo: Arbitraje, mediaci\u00f3n y negociaciones.<\/li>\n<li><strong>Assignment \/ Novation &#8211; Cesi\u00f3n \/ Novaci\u00f3n:<\/strong> Aqu\u00ed se indican las condiciones por las que las partes del contrato pueden transferir o ceder (novar) sus responsabilidades, derechos u obligaciones a terceros.<\/li>\n<li><strong>Counterpart &#8211; Contraparte:<\/strong> Es una copia de un contrato para que cada una de las partes conserven la propia.<\/li>\n<li><strong>Implied Terms &#8211; T\u00e9rminos impl\u00edcitos:<\/strong> Son los t\u00e9rminos que est\u00e1n impl\u00edcitos en un contrato por ley y costumbre. No es necesario mencionarlo por escrito o de manera verbal. Sin embargo, algunos pueden ser anulados por los Express Terms (T\u00e9rminos expresos).<\/li>\n<li><strong>Period \/ Term &#8211; Per\u00edodo \/ Plazo:<\/strong> Es el per\u00edodo de tiempo durante el cual el contrato o sus cl\u00e1usulas estar\u00e1n en vigencia.<\/li>\n<li><strong>Title &#8211; T\u00edtulo:<\/strong> Es el formulario donde se pide datos tales como nombre y direcci\u00f3n.<\/li>\n<li><strong>Void &#8211; Nulo:<\/strong> Se utiliza cuando el contrato es inaplicable en derecho.<\/li>\n<\/ul>\n<h2>Contratos en ingl\u00e9s: Ejemplos y modelos m\u00e1s utilizados<\/h2>\n<p>Existe una cantidad muy amplia de modelos de contratos en ingl\u00e9s. Navega en nuestro portal para encontrar diferentes ejemplos de contratos en ingl\u00e9s que podr\u00e1s descargarlos diferentes formatos para redactar el tuyo.<\/p>\n","protected":false},"excerpt":{"rendered":"<p>Los contratos en ingl\u00e9s, contracts o agreements, al igual que su versi\u00f3n en espa\u00f1ol, son acuerdos entre dos o m\u00e1s partes que se ponen de acuerdo y expresan su consentimiento para generar, regular, modificar, transferir o finalizar derechos y obligaciones. Siempre ser\u00e1 de acuerdo a la ley vigente y pueden ser escritos u orales. Son [&hellip;]<\/p>\n","protected":false},"author":10,"featured_media":0,"parent":0,"menu_order":0,"comment_status":"closed","ping_status":"closed","template":"listado.php","meta":{"footnotes":""},"yoast_head":"<!-- This site is optimized with the Yoast SEO plugin v22.4 - https:\/\/yoast.com\/wordpress\/plugins\/seo\/ -->\n<title>Contratos en Ingl\u00e9s Ejemplos y Formatos | Milformatos US<\/title>\n<meta name=\"description\" content=\"Aprende c\u00f3mo redactar los Contratos en Ingl\u00e9s m\u00e1s utilizados | Conoce su Estructura * Tipos de Contratos * Elementos * Ejemplos y Formatos Descargables Gratis\" \/>\n<meta name=\"robots\" content=\"index, follow, max-snippet:-1, max-image-preview:large, max-video-preview:-1\" \/>\n<link rel=\"canonical\" href=\"https:\/\/milformatos.com\/us\/contratos\/\" \/>\n<meta property=\"og:locale\" content=\"es_ES\" \/>\n<meta property=\"og:type\" content=\"article\" \/>\n<meta property=\"og:title\" content=\"Contratos en Ingl\u00e9s Ejemplos y Formatos | Milformatos US\" \/>\n<meta property=\"og:description\" content=\"Aprende c\u00f3mo redactar los Contratos en Ingl\u00e9s m\u00e1s utilizados | Conoce su Estructura * Tipos de Contratos * Elementos * Ejemplos y Formatos Descargables Gratis\" \/>\n<meta property=\"og:url\" content=\"https:\/\/milformatos.com\/us\/contratos\/\" \/>\n<meta property=\"og:site_name\" content=\"Milformatos US\" \/>\n<meta property=\"article:modified_time\" content=\"2023-01-03T21:14:02+00:00\" \/>\n<meta name=\"twitter:card\" content=\"summary_large_image\" \/>\n<meta name=\"twitter:label1\" content=\"Tiempo de lectura\" \/>\n\t<meta name=\"twitter:data1\" content=\"4 minutos\" \/>\n<script type=\"application\/ld+json\" class=\"yoast-schema-graph\">{\"@context\":\"https:\/\/schema.org\",\"@graph\":[{\"@type\":\"WebPage\",\"@id\":\"https:\/\/milformatos.com\/us\/contratos\/\",\"url\":\"https:\/\/milformatos.com\/us\/contratos\/\",\"name\":\"Contratos en Ingl\u00e9s Ejemplos y Formatos | Milformatos US\",\"isPartOf\":{\"@id\":\"https:\/\/milformatos.com\/us\/#website\"},\"datePublished\":\"2022-08-12T15:09:20+00:00\",\"dateModified\":\"2023-01-03T21:14:02+00:00\",\"description\":\"Aprende c\u00f3mo redactar los Contratos en Ingl\u00e9s m\u00e1s utilizados | Conoce su Estructura * Tipos de Contratos * Elementos * Ejemplos y Formatos Descargables Gratis\",\"breadcrumb\":{\"@id\":\"https:\/\/milformatos.com\/us\/contratos\/#breadcrumb\"},\"inLanguage\":\"es\",\"potentialAction\":[{\"@type\":\"ReadAction\",\"target\":[\"https:\/\/milformatos.com\/us\/contratos\/\"]}]},{\"@type\":\"BreadcrumbList\",\"@id\":\"https:\/\/milformatos.com\/us\/contratos\/#breadcrumb\",\"itemListElement\":[{\"@type\":\"ListItem\",\"position\":1,\"name\":\"Home\",\"item\":\"https:\/\/milformatos.com\/us\/\"},{\"@type\":\"ListItem\",\"position\":2,\"name\":\"Contratos en Ingl\u00e9s\"}]},{\"@type\":\"WebSite\",\"@id\":\"https:\/\/milformatos.com\/us\/#website\",\"url\":\"https:\/\/milformatos.com\/us\/\",\"name\":\"Milformatos US\",\"description\":\"Modelos y Plantillas en Ingl\u00e9s Explicado en Espa\u00f1ol\",\"publisher\":{\"@id\":\"https:\/\/milformatos.com\/us\/#organization\"},\"potentialAction\":[{\"@type\":\"SearchAction\",\"target\":{\"@type\":\"EntryPoint\",\"urlTemplate\":\"https:\/\/milformatos.com\/us\/?s={search_term_string}\"},\"query-input\":\"required name=search_term_string\"}],\"inLanguage\":\"es\"},{\"@type\":\"Organization\",\"@id\":\"https:\/\/milformatos.com\/us\/#organization\",\"name\":\"Mil Formatos usa\",\"url\":\"https:\/\/milformatos.com\/us\/\",\"logo\":{\"@type\":\"ImageObject\",\"inLanguage\":\"es\",\"@id\":\"https:\/\/milformatos.com\/us\/#\/schema\/logo\/image\/\",\"url\":\"https:\/\/milformatos.com\/us\/wp-content\/uploads\/2022\/07\/logo.png\",\"contentUrl\":\"https:\/\/milformatos.com\/us\/wp-content\/uploads\/2022\/07\/logo.png\",\"width\":148,\"height\":60,\"caption\":\"Mil Formatos usa\"},\"image\":{\"@id\":\"https:\/\/milformatos.com\/us\/#\/schema\/logo\/image\/\"}}]}<\/script>\n<!-- \/ Yoast SEO plugin. -->","yoast_head_json":{"title":"Contratos en Ingl\u00e9s Ejemplos y Formatos | Milformatos US","description":"Aprende c\u00f3mo redactar los Contratos en Ingl\u00e9s m\u00e1s utilizados | Conoce su Estructura * Tipos de Contratos * Elementos * Ejemplos y Formatos Descargables Gratis","robots":{"index":"index","follow":"follow","max-snippet":"max-snippet:-1","max-image-preview":"max-image-preview:large","max-video-preview":"max-video-preview:-1"},"canonical":"https:\/\/milformatos.com\/us\/contratos\/","og_locale":"es_ES","og_type":"article","og_title":"Contratos en Ingl\u00e9s Ejemplos y Formatos | Milformatos US","og_description":"Aprende c\u00f3mo redactar los Contratos en Ingl\u00e9s m\u00e1s utilizados | Conoce su Estructura * Tipos de Contratos * Elementos * Ejemplos y Formatos Descargables Gratis","og_url":"https:\/\/milformatos.com\/us\/contratos\/","og_site_name":"Milformatos US","article_modified_time":"2023-01-03T21:14:02+00:00","twitter_card":"summary_large_image","twitter_misc":{"Tiempo de lectura":"4 minutos"},"schema":{"@context":"https:\/\/schema.org","@graph":[{"@type":"WebPage","@id":"https:\/\/milformatos.com\/us\/contratos\/","url":"https:\/\/milformatos.com\/us\/contratos\/","name":"Contratos en Ingl\u00e9s Ejemplos y Formatos | Milformatos US","isPartOf":{"@id":"https:\/\/milformatos.com\/us\/#website"},"datePublished":"2022-08-12T15:09:20+00:00","dateModified":"2023-01-03T21:14:02+00:00","description":"Aprende c\u00f3mo redactar los Contratos en Ingl\u00e9s m\u00e1s utilizados | Conoce su Estructura * Tipos de Contratos * Elementos * Ejemplos y Formatos Descargables Gratis","breadcrumb":{"@id":"https:\/\/milformatos.com\/us\/contratos\/#breadcrumb"},"inLanguage":"es","potentialAction":[{"@type":"ReadAction","target":["https:\/\/milformatos.com\/us\/contratos\/"]}]},{"@type":"BreadcrumbList","@id":"https:\/\/milformatos.com\/us\/contratos\/#breadcrumb","itemListElement":[{"@type":"ListItem","position":1,"name":"Home","item":"https:\/\/milformatos.com\/us\/"},{"@type":"ListItem","position":2,"name":"Contratos en Ingl\u00e9s"}]},{"@type":"WebSite","@id":"https:\/\/milformatos.com\/us\/#website","url":"https:\/\/milformatos.com\/us\/","name":"Milformatos US","description":"Modelos y Plantillas en Ingl\u00e9s Explicado en Espa\u00f1ol","publisher":{"@id":"https:\/\/milformatos.com\/us\/#organization"},"potentialAction":[{"@type":"SearchAction","target":{"@type":"EntryPoint","urlTemplate":"https:\/\/milformatos.com\/us\/?s={search_term_string}"},"query-input":"required name=search_term_string"}],"inLanguage":"es"},{"@type":"Organization","@id":"https:\/\/milformatos.com\/us\/#organization","name":"Mil Formatos usa","url":"https:\/\/milformatos.com\/us\/","logo":{"@type":"ImageObject","inLanguage":"es","@id":"https:\/\/milformatos.com\/us\/#\/schema\/logo\/image\/","url":"https:\/\/milformatos.com\/us\/wp-content\/uploads\/2022\/07\/logo.png","contentUrl":"https:\/\/milformatos.com\/us\/wp-content\/uploads\/2022\/07\/logo.png","width":148,"height":60,"caption":"Mil Formatos usa"},"image":{"@id":"https:\/\/milformatos.com\/us\/#\/schema\/logo\/image\/"}}]}},"_links":{"self":[{"href":"https:\/\/milformatos.com\/us\/wp-json\/wp\/v2\/pages\/1050"}],"collection":[{"href":"https:\/\/milformatos.com\/us\/wp-json\/wp\/v2\/pages"}],"about":[{"href":"https:\/\/milformatos.com\/us\/wp-json\/wp\/v2\/types\/page"}],"author":[{"embeddable":true,"href":"https:\/\/milformatos.com\/us\/wp-json\/wp\/v2\/users\/10"}],"replies":[{"embeddable":true,"href":"https:\/\/milformatos.com\/us\/wp-json\/wp\/v2\/comments?post=1050"}],"version-history":[{"count":4,"href":"https:\/\/milformatos.com\/us\/wp-json\/wp\/v2\/pages\/1050\/revisions"}],"predecessor-version":[{"id":1311,"href":"https:\/\/milformatos.com\/us\/wp-json\/wp\/v2\/pages\/1050\/revisions\/1311"}],"wp:attachment":[{"href":"https:\/\/milformatos.com\/us\/wp-json\/wp\/v2\/media?parent=1050"}],"curies":[{"name":"wp","href":"https:\/\/api.w.org\/{rel}","templated":true}]}}