{"id":1135,"date":"2022-08-25T19:00:26","date_gmt":"2022-08-25T19:00:26","guid":{"rendered":"https:\/\/milformatos.com\/us\/?page_id=1135"},"modified":"2023-05-16T15:37:49","modified_gmt":"2023-05-16T15:37:49","slug":"terminos-y-condiciones","status":"publish","type":"page","link":"https:\/\/milformatos.com\/us\/terminos-y-condiciones\/","title":{"rendered":"T\u00e9rminos y Condiciones"},"content":{"rendered":"<h2>Condiciones de acceso y uso<\/h2>\n<p>El presente Aviso Legal regula el uso del sitio Web www.milformatos.com\/us\/. La utilizaci\u00f3n del sitio Web y de sus contenidos atribuye la condici\u00f3n de Usuario (en adelante, el \u00abUsuario\u00bb) e implica la aceptaci\u00f3n de todas y cada una de las condiciones incluidas en el presente Aviso Legal, en la versi\u00f3n publicada en el momento en que se acceda al mismo. El Usuario se obliga a hacer un uso diligente del sitio Web, de acuerdo con la Ley y el presente Aviso Legal.<\/p>\n<p>El Usuario debe leerlo atentamente en cada una de las ocasiones en que se proponga utilizar el sitio Web, puesto que las condiciones de uso podr\u00e1n sufrir modificaciones.<\/p>\n<p>Milformatos.com\/us\/, con domicilio en Plaza Para\u00edso Caribe Local C10, Diag. Aeropuerto, Playacar, 77717 Playa del Carmen, Q.R., M\u00e9xico, se reserva el derecho a interrumpir en cualquier momento y sin previo aviso el acceso al sitio Web, as\u00ed como a interrumpir la prestaci\u00f3n de cualquiera o de todos los servicios que se prestan a trav\u00e9s del mismo, ya sea por motivos t\u00e9cnicos, de seguridad, de mantenimiento, por fallos en el de suministro el\u00e9ctrico o por cualquier otra causa. Dicha interrupci\u00f3n podr\u00e1 tener car\u00e1cter temporal o definitivo.<\/p>\n<h2>Propiedad Industrial e Intelectual<\/h2>\n<p>Toda la informaci\u00f3n contenida en este sitio Web as\u00ed como el dise\u00f1o gr\u00e1fico, im\u00e1genes, c\u00f3digos fuente, marcas, nombres comerciales, denominaciones, art\u00edculos, informes. etc., est\u00e1n sujetos a los derechos de propiedad intelectual e industrial de Milformatos US o de terceros.<br \/>\nBajo ning\u00fan supuesto, el acceso al sitio Web supone la renuncia, transmisi\u00f3n, cesi\u00f3n o licencia total o parcial de dichos derechos de propiedad intelectual o industrial, ni confiere ning\u00fan derecho de utilizaci\u00f3n, traducci\u00f3n, adaptaci\u00f3n, alteraci\u00f3n, explotaci\u00f3n, reproducci\u00f3n, distribuci\u00f3n o comunicaci\u00f3n p\u00fablica, con fines comerciales, de dichos contenidos sin la previa y expresa autorizaci\u00f3n de Milformatos US o del tercero titular de los derechos afectados.<\/p>\n<h2>Responsabilidad<\/h2>\n<p>Milformatos US no ser\u00e1 responsable en caso de que existan interrupciones del servicio, demoras, errores o mal funcionamiento de dicho servicio que tengan su origen en causas ajenas a la misma o debidas a una actuaci\u00f3n dolosa o culposa del Usuario, o a causa de fuerza mayor.<\/p>\n<p>En cualquier caso, sea cual fuere su causa, Milformatos US, no asumir\u00e1 responsabilidad alguna ya sea por da\u00f1os directos o indirectos, da\u00f1o emergente y\/o por lucro cesante.<\/p>\n<p>En ning\u00fan caso, la existencia de sitios enlazados debe presuponer la existencia de acuerdos con los responsables o titulares de los mismos, ni la recomendaci\u00f3n, promoci\u00f3n o identificaci\u00f3n de Milformatos US con las manifestaciones, contenidos o servicios prove\u00eddos.<\/p>\n","protected":false},"excerpt":{"rendered":"<p>Condiciones de acceso y uso El presente Aviso Legal regula el uso del sitio Web www.milformatos.com\/us\/. La utilizaci\u00f3n del sitio Web y de sus contenidos atribuye la condici\u00f3n de Usuario (en adelante, el \u00abUsuario\u00bb) e implica la aceptaci\u00f3n de todas y cada una de las condiciones incluidas en el presente Aviso Legal, en la versi\u00f3n [&hellip;]<\/p>\n","protected":false},"author":9,"featured_media":0,"parent":0,"menu_order":0,"comment_status":"closed","ping_status":"closed","template":"","meta":{"footnotes":""},"yoast_head":"<!-- This site is optimized with the Yoast SEO plugin v22.4 - https:\/\/yoast.com\/wordpress\/plugins\/seo\/ -->\n<title>T\u00e9rminos y Condiciones | Milformatos US<\/title>\n<meta name=\"robots\" content=\"index, follow, max-snippet:-1, max-image-preview:large, max-video-preview:-1\" \/>\n<link rel=\"canonical\" href=\"https:\/\/milformatos.com\/us\/terminos-y-condiciones\/\" \/>\n<meta property=\"og:locale\" content=\"es_ES\" \/>\n<meta property=\"og:type\" content=\"article\" \/>\n<meta property=\"og:title\" content=\"T\u00e9rminos y Condiciones | Milformatos US\" \/>\n<meta property=\"og:description\" content=\"Condiciones de acceso y uso El presente Aviso Legal regula el uso del sitio Web www.milformatos.com\/us\/. La utilizaci\u00f3n del sitio Web y de sus contenidos atribuye la condici\u00f3n de Usuario (en adelante, el \u00abUsuario\u00bb) e implica la aceptaci\u00f3n de todas y cada una de las condiciones incluidas en el presente Aviso Legal, en la versi\u00f3n [&hellip;]\" \/>\n<meta property=\"og:url\" content=\"https:\/\/milformatos.com\/us\/terminos-y-condiciones\/\" \/>\n<meta property=\"og:site_name\" content=\"Milformatos US\" \/>\n<meta property=\"article:modified_time\" content=\"2023-05-16T15:37:49+00:00\" \/>\n<meta name=\"twitter:card\" content=\"summary_large_image\" \/>\n<meta name=\"twitter:label1\" content=\"Tiempo de lectura\" \/>\n\t<meta name=\"twitter:data1\" content=\"2 minutos\" \/>\n<script type=\"application\/ld+json\" class=\"yoast-schema-graph\">{\"@context\":\"https:\/\/schema.org\",\"@graph\":[{\"@type\":\"WebPage\",\"@id\":\"https:\/\/milformatos.com\/us\/terminos-y-condiciones\/\",\"url\":\"https:\/\/milformatos.com\/us\/terminos-y-condiciones\/\",\"name\":\"T\u00e9rminos y Condiciones | Milformatos US\",\"isPartOf\":{\"@id\":\"https:\/\/milformatos.com\/us\/#website\"},\"datePublished\":\"2022-08-25T19:00:26+00:00\",\"dateModified\":\"2023-05-16T15:37:49+00:00\",\"breadcrumb\":{\"@id\":\"https:\/\/milformatos.com\/us\/terminos-y-condiciones\/#breadcrumb\"},\"inLanguage\":\"es\",\"potentialAction\":[{\"@type\":\"ReadAction\",\"target\":[\"https:\/\/milformatos.com\/us\/terminos-y-condiciones\/\"]}]},{\"@type\":\"BreadcrumbList\",\"@id\":\"https:\/\/milformatos.com\/us\/terminos-y-condiciones\/#breadcrumb\",\"itemListElement\":[{\"@type\":\"ListItem\",\"position\":1,\"name\":\"Home\",\"item\":\"https:\/\/milformatos.com\/us\/\"},{\"@type\":\"ListItem\",\"position\":2,\"name\":\"T\u00e9rminos y Condiciones\"}]},{\"@type\":\"WebSite\",\"@id\":\"https:\/\/milformatos.com\/us\/#website\",\"url\":\"https:\/\/milformatos.com\/us\/\",\"name\":\"Milformatos US\",\"description\":\"Modelos y Plantillas en Ingl\u00e9s Explicado en Espa\u00f1ol\",\"publisher\":{\"@id\":\"https:\/\/milformatos.com\/us\/#organization\"},\"potentialAction\":[{\"@type\":\"SearchAction\",\"target\":{\"@type\":\"EntryPoint\",\"urlTemplate\":\"https:\/\/milformatos.com\/us\/?s={search_term_string}\"},\"query-input\":\"required name=search_term_string\"}],\"inLanguage\":\"es\"},{\"@type\":\"Organization\",\"@id\":\"https:\/\/milformatos.com\/us\/#organization\",\"name\":\"Mil Formatos usa\",\"url\":\"https:\/\/milformatos.com\/us\/\",\"logo\":{\"@type\":\"ImageObject\",\"inLanguage\":\"es\",\"@id\":\"https:\/\/milformatos.com\/us\/#\/schema\/logo\/image\/\",\"url\":\"https:\/\/milformatos.com\/us\/wp-content\/uploads\/2022\/07\/logo.png\",\"contentUrl\":\"https:\/\/milformatos.com\/us\/wp-content\/uploads\/2022\/07\/logo.png\",\"width\":148,\"height\":60,\"caption\":\"Mil Formatos usa\"},\"image\":{\"@id\":\"https:\/\/milformatos.com\/us\/#\/schema\/logo\/image\/\"}}]}<\/script>\n<!-- \/ Yoast SEO plugin. -->","yoast_head_json":{"title":"T\u00e9rminos y Condiciones | Milformatos US","robots":{"index":"index","follow":"follow","max-snippet":"max-snippet:-1","max-image-preview":"max-image-preview:large","max-video-preview":"max-video-preview:-1"},"canonical":"https:\/\/milformatos.com\/us\/terminos-y-condiciones\/","og_locale":"es_ES","og_type":"article","og_title":"T\u00e9rminos y Condiciones | Milformatos US","og_description":"Condiciones de acceso y uso El presente Aviso Legal regula el uso del sitio Web www.milformatos.com\/us\/. La utilizaci\u00f3n del sitio Web y de sus contenidos atribuye la condici\u00f3n de Usuario (en adelante, el \u00abUsuario\u00bb) e implica la aceptaci\u00f3n de todas y cada una de las condiciones incluidas en el presente Aviso Legal, en la versi\u00f3n [&hellip;]","og_url":"https:\/\/milformatos.com\/us\/terminos-y-condiciones\/","og_site_name":"Milformatos US","article_modified_time":"2023-05-16T15:37:49+00:00","twitter_card":"summary_large_image","twitter_misc":{"Tiempo de lectura":"2 minutos"},"schema":{"@context":"https:\/\/schema.org","@graph":[{"@type":"WebPage","@id":"https:\/\/milformatos.com\/us\/terminos-y-condiciones\/","url":"https:\/\/milformatos.com\/us\/terminos-y-condiciones\/","name":"T\u00e9rminos y Condiciones | Milformatos US","isPartOf":{"@id":"https:\/\/milformatos.com\/us\/#website"},"datePublished":"2022-08-25T19:00:26+00:00","dateModified":"2023-05-16T15:37:49+00:00","breadcrumb":{"@id":"https:\/\/milformatos.com\/us\/terminos-y-condiciones\/#breadcrumb"},"inLanguage":"es","potentialAction":[{"@type":"ReadAction","target":["https:\/\/milformatos.com\/us\/terminos-y-condiciones\/"]}]},{"@type":"BreadcrumbList","@id":"https:\/\/milformatos.com\/us\/terminos-y-condiciones\/#breadcrumb","itemListElement":[{"@type":"ListItem","position":1,"name":"Home","item":"https:\/\/milformatos.com\/us\/"},{"@type":"ListItem","position":2,"name":"T\u00e9rminos y Condiciones"}]},{"@type":"WebSite","@id":"https:\/\/milformatos.com\/us\/#website","url":"https:\/\/milformatos.com\/us\/","name":"Milformatos US","description":"Modelos y Plantillas en Ingl\u00e9s Explicado en Espa\u00f1ol","publisher":{"@id":"https:\/\/milformatos.com\/us\/#organization"},"potentialAction":[{"@type":"SearchAction","target":{"@type":"EntryPoint","urlTemplate":"https:\/\/milformatos.com\/us\/?s={search_term_string}"},"query-input":"required name=search_term_string"}],"inLanguage":"es"},{"@type":"Organization","@id":"https:\/\/milformatos.com\/us\/#organization","name":"Mil Formatos usa","url":"https:\/\/milformatos.com\/us\/","logo":{"@type":"ImageObject","inLanguage":"es","@id":"https:\/\/milformatos.com\/us\/#\/schema\/logo\/image\/","url":"https:\/\/milformatos.com\/us\/wp-content\/uploads\/2022\/07\/logo.png","contentUrl":"https:\/\/milformatos.com\/us\/wp-content\/uploads\/2022\/07\/logo.png","width":148,"height":60,"caption":"Mil Formatos usa"},"image":{"@id":"https:\/\/milformatos.com\/us\/#\/schema\/logo\/image\/"}}]}},"_links":{"self":[{"href":"https:\/\/milformatos.com\/us\/wp-json\/wp\/v2\/pages\/1135"}],"collection":[{"href":"https:\/\/milformatos.com\/us\/wp-json\/wp\/v2\/pages"}],"about":[{"href":"https:\/\/milformatos.com\/us\/wp-json\/wp\/v2\/types\/page"}],"author":[{"embeddable":true,"href":"https:\/\/milformatos.com\/us\/wp-json\/wp\/v2\/users\/9"}],"replies":[{"embeddable":true,"href":"https:\/\/milformatos.com\/us\/wp-json\/wp\/v2\/comments?post=1135"}],"version-history":[{"count":1,"href":"https:\/\/milformatos.com\/us\/wp-json\/wp\/v2\/pages\/1135\/revisions"}],"predecessor-version":[{"id":1136,"href":"https:\/\/milformatos.com\/us\/wp-json\/wp\/v2\/pages\/1135\/revisions\/1136"}],"wp:attachment":[{"href":"https:\/\/milformatos.com\/us\/wp-json\/wp\/v2\/media?parent=1135"}],"curies":[{"name":"wp","href":"https:\/\/api.w.org\/{rel}","templated":true}]}}