{"id":1881,"date":"2022-11-22T21:27:02","date_gmt":"2022-11-22T21:27:02","guid":{"rendered":"https:\/\/milformatos.com\/us\/?page_id=1881"},"modified":"2023-06-15T21:20:58","modified_gmt":"2023-06-15T21:20:58","slug":"plantillas-escolares-en-ingles","status":"publish","type":"page","link":"https:\/\/milformatos.com\/us\/plantillas-escolares-en-ingles\/","title":{"rendered":"Plantillas Escolares en Ingl\u00e9s"},"content":{"rendered":"","protected":false},"excerpt":{"rendered":"","protected":false},"author":9,"featured_media":0,"parent":0,"menu_order":0,"comment_status":"closed","ping_status":"closed","template":"listado.php","meta":{"footnotes":""},"yoast_head":"<!-- This site is optimized with the Yoast SEO plugin v22.4 - https:\/\/yoast.com\/wordpress\/plugins\/seo\/ -->\n<title>Plantillas Escolares en Ingl\u00e9s | Ejemplos y Formatos<\/title>\n<meta name=\"description\" content=\"Encuentra las Plantillas Escolares en Ingl\u00e9s m\u00e1s utilizadas | Conoce su Estructura * Elementos * Ejemplos y Formatos Descargables Gratis\" \/>\n<meta name=\"robots\" content=\"index, follow, max-snippet:-1, max-image-preview:large, max-video-preview:-1\" \/>\n<link rel=\"canonical\" href=\"https:\/\/milformatos.com\/us\/plantillas-escolares-en-ingles\/\" \/>\n<meta property=\"og:locale\" content=\"es_ES\" \/>\n<meta property=\"og:type\" content=\"article\" \/>\n<meta property=\"og:title\" content=\"Plantillas Escolares en Ingl\u00e9s | Ejemplos y Formatos\" \/>\n<meta property=\"og:description\" content=\"Encuentra las Plantillas Escolares en Ingl\u00e9s m\u00e1s utilizadas | Conoce su Estructura * Elementos * Ejemplos y Formatos Descargables Gratis\" \/>\n<meta property=\"og:url\" content=\"https:\/\/milformatos.com\/us\/plantillas-escolares-en-ingles\/\" \/>\n<meta property=\"og:site_name\" content=\"Milformatos US\" \/>\n<meta property=\"article:modified_time\" content=\"2023-06-15T21:20:58+00:00\" \/>\n<meta name=\"twitter:card\" content=\"summary_large_image\" \/>\n<script type=\"application\/ld+json\" class=\"yoast-schema-graph\">{\"@context\":\"https:\/\/schema.org\",\"@graph\":[{\"@type\":\"WebPage\",\"@id\":\"https:\/\/milformatos.com\/us\/plantillas-escolares-en-ingles\/\",\"url\":\"https:\/\/milformatos.com\/us\/plantillas-escolares-en-ingles\/\",\"name\":\"Plantillas Escolares en Ingl\u00e9s | Ejemplos y Formatos\",\"isPartOf\":{\"@id\":\"https:\/\/milformatos.com\/us\/#website\"},\"datePublished\":\"2022-11-22T21:27:02+00:00\",\"dateModified\":\"2023-06-15T21:20:58+00:00\",\"description\":\"Encuentra las Plantillas Escolares en Ingl\u00e9s m\u00e1s utilizadas | Conoce su Estructura * Elementos * Ejemplos y Formatos Descargables Gratis\",\"breadcrumb\":{\"@id\":\"https:\/\/milformatos.com\/us\/plantillas-escolares-en-ingles\/#breadcrumb\"},\"inLanguage\":\"es\",\"potentialAction\":[{\"@type\":\"ReadAction\",\"target\":[\"https:\/\/milformatos.com\/us\/plantillas-escolares-en-ingles\/\"]}]},{\"@type\":\"BreadcrumbList\",\"@id\":\"https:\/\/milformatos.com\/us\/plantillas-escolares-en-ingles\/#breadcrumb\",\"itemListElement\":[{\"@type\":\"ListItem\",\"position\":1,\"name\":\"Home\",\"item\":\"https:\/\/milformatos.com\/us\/\"},{\"@type\":\"ListItem\",\"position\":2,\"name\":\"Plantillas Escolares en Ingl\u00e9s\"}]},{\"@type\":\"WebSite\",\"@id\":\"https:\/\/milformatos.com\/us\/#website\",\"url\":\"https:\/\/milformatos.com\/us\/\",\"name\":\"Milformatos US\",\"description\":\"Modelos y Plantillas en Ingl\u00e9s Explicado en Espa\u00f1ol\",\"publisher\":{\"@id\":\"https:\/\/milformatos.com\/us\/#organization\"},\"potentialAction\":[{\"@type\":\"SearchAction\",\"target\":{\"@type\":\"EntryPoint\",\"urlTemplate\":\"https:\/\/milformatos.com\/us\/?s={search_term_string}\"},\"query-input\":\"required name=search_term_string\"}],\"inLanguage\":\"es\"},{\"@type\":\"Organization\",\"@id\":\"https:\/\/milformatos.com\/us\/#organization\",\"name\":\"Mil Formatos usa\",\"url\":\"https:\/\/milformatos.com\/us\/\",\"logo\":{\"@type\":\"ImageObject\",\"inLanguage\":\"es\",\"@id\":\"https:\/\/milformatos.com\/us\/#\/schema\/logo\/image\/\",\"url\":\"https:\/\/milformatos.com\/us\/wp-content\/uploads\/2022\/07\/logo.png\",\"contentUrl\":\"https:\/\/milformatos.com\/us\/wp-content\/uploads\/2022\/07\/logo.png\",\"width\":148,\"height\":60,\"caption\":\"Mil Formatos usa\"},\"image\":{\"@id\":\"https:\/\/milformatos.com\/us\/#\/schema\/logo\/image\/\"}}]}<\/script>\n<!-- \/ Yoast SEO plugin. -->","yoast_head_json":{"title":"Plantillas Escolares en Ingl\u00e9s | Ejemplos y Formatos","description":"Encuentra las Plantillas Escolares en Ingl\u00e9s m\u00e1s utilizadas | Conoce su Estructura * Elementos * Ejemplos y Formatos Descargables Gratis","robots":{"index":"index","follow":"follow","max-snippet":"max-snippet:-1","max-image-preview":"max-image-preview:large","max-video-preview":"max-video-preview:-1"},"canonical":"https:\/\/milformatos.com\/us\/plantillas-escolares-en-ingles\/","og_locale":"es_ES","og_type":"article","og_title":"Plantillas Escolares en Ingl\u00e9s | Ejemplos y Formatos","og_description":"Encuentra las Plantillas Escolares en Ingl\u00e9s m\u00e1s utilizadas | Conoce su Estructura * Elementos * Ejemplos y Formatos Descargables Gratis","og_url":"https:\/\/milformatos.com\/us\/plantillas-escolares-en-ingles\/","og_site_name":"Milformatos US","article_modified_time":"2023-06-15T21:20:58+00:00","twitter_card":"summary_large_image","schema":{"@context":"https:\/\/schema.org","@graph":[{"@type":"WebPage","@id":"https:\/\/milformatos.com\/us\/plantillas-escolares-en-ingles\/","url":"https:\/\/milformatos.com\/us\/plantillas-escolares-en-ingles\/","name":"Plantillas Escolares en Ingl\u00e9s | Ejemplos y Formatos","isPartOf":{"@id":"https:\/\/milformatos.com\/us\/#website"},"datePublished":"2022-11-22T21:27:02+00:00","dateModified":"2023-06-15T21:20:58+00:00","description":"Encuentra las Plantillas Escolares en Ingl\u00e9s m\u00e1s utilizadas | Conoce su Estructura * Elementos * Ejemplos y Formatos Descargables Gratis","breadcrumb":{"@id":"https:\/\/milformatos.com\/us\/plantillas-escolares-en-ingles\/#breadcrumb"},"inLanguage":"es","potentialAction":[{"@type":"ReadAction","target":["https:\/\/milformatos.com\/us\/plantillas-escolares-en-ingles\/"]}]},{"@type":"BreadcrumbList","@id":"https:\/\/milformatos.com\/us\/plantillas-escolares-en-ingles\/#breadcrumb","itemListElement":[{"@type":"ListItem","position":1,"name":"Home","item":"https:\/\/milformatos.com\/us\/"},{"@type":"ListItem","position":2,"name":"Plantillas Escolares en Ingl\u00e9s"}]},{"@type":"WebSite","@id":"https:\/\/milformatos.com\/us\/#website","url":"https:\/\/milformatos.com\/us\/","name":"Milformatos US","description":"Modelos y Plantillas en Ingl\u00e9s Explicado en Espa\u00f1ol","publisher":{"@id":"https:\/\/milformatos.com\/us\/#organization"},"potentialAction":[{"@type":"SearchAction","target":{"@type":"EntryPoint","urlTemplate":"https:\/\/milformatos.com\/us\/?s={search_term_string}"},"query-input":"required name=search_term_string"}],"inLanguage":"es"},{"@type":"Organization","@id":"https:\/\/milformatos.com\/us\/#organization","name":"Mil Formatos usa","url":"https:\/\/milformatos.com\/us\/","logo":{"@type":"ImageObject","inLanguage":"es","@id":"https:\/\/milformatos.com\/us\/#\/schema\/logo\/image\/","url":"https:\/\/milformatos.com\/us\/wp-content\/uploads\/2022\/07\/logo.png","contentUrl":"https:\/\/milformatos.com\/us\/wp-content\/uploads\/2022\/07\/logo.png","width":148,"height":60,"caption":"Mil Formatos usa"},"image":{"@id":"https:\/\/milformatos.com\/us\/#\/schema\/logo\/image\/"}}]}},"_links":{"self":[{"href":"https:\/\/milformatos.com\/us\/wp-json\/wp\/v2\/pages\/1881"}],"collection":[{"href":"https:\/\/milformatos.com\/us\/wp-json\/wp\/v2\/pages"}],"about":[{"href":"https:\/\/milformatos.com\/us\/wp-json\/wp\/v2\/types\/page"}],"author":[{"embeddable":true,"href":"https:\/\/milformatos.com\/us\/wp-json\/wp\/v2\/users\/9"}],"replies":[{"embeddable":true,"href":"https:\/\/milformatos.com\/us\/wp-json\/wp\/v2\/comments?post=1881"}],"version-history":[{"count":3,"href":"https:\/\/milformatos.com\/us\/wp-json\/wp\/v2\/pages\/1881\/revisions"}],"predecessor-version":[{"id":2428,"href":"https:\/\/milformatos.com\/us\/wp-json\/wp\/v2\/pages\/1881\/revisions\/2428"}],"wp:attachment":[{"href":"https:\/\/milformatos.com\/us\/wp-json\/wp\/v2\/media?parent=1881"}],"curies":[{"name":"wp","href":"https:\/\/api.w.org\/{rel}","templated":true}]}}