{"id":504,"date":"2021-08-18T18:10:35","date_gmt":"2021-08-18T18:10:35","guid":{"rendered":"https:\/\/milformatos.com\/us\/?page_id=504"},"modified":"2023-06-15T21:20:13","modified_gmt":"2023-06-15T21:20:13","slug":"cartas","status":"publish","type":"page","link":"https:\/\/milformatos.com\/us\/cartas\/","title":{"rendered":"Cartas en Ingl\u00e9s"},"content":{"rendered":"<p>Las Cartas en Ingl\u00e9s, al igual que <a href=\"https:\/\/milformatos.com\/formatos-de-cartas\/\">las conocemos en espa\u00f1ol<\/a>, son documentos que han servido como una manera de comunicar a un emisor o remitente con un receptor o destinatario desde tiempos muy antiguos.<\/p>\n<p><span style=\"font-weight: 400;\">Saber <a href=\"https:\/\/milformatos.com\/us\/carta\/como-hacer-una-carta-en-ingles\/\">c\u00f3mo escribir una carta en ingl\u00e9s<\/a> es tan importante como hacerlo en el idioma propio, m\u00e1s a\u00fan si vives en Estados Unidos. Despu\u00e9s de todo, debes tener presente que no se trata simplemente de traducir del espa\u00f1ol al ingl\u00e9s, sino que debe ajustarse al contexto de la situaci\u00f3n y seguir las reglas de la gram\u00e1tica.<\/span><\/p>\n<p>A\u00fan con la aparici\u00f3n de nuevas formas de comunicarnos como el correo electr\u00f3nico o la mensajer\u00eda instant\u00e1nea, las cartas siguen teniendo un papel predominante en muchos sectores y por diversos motivos. Si a eso agregamos que hoy en d\u00eda vivimos en un mundo globalizado, es com\u00fan que por diferentes motivos nos veamos en la necesidad de redactar alg\u00fan tipo de carta en ingl\u00e9s.<\/p>\n<h2>Tipos de cartas en ingl\u00e9s<\/h2>\n<p>Ya sea por cuestiones escolares, de negocios, personales, para dar alg\u00fan aviso o realizar una solicitud, existen diferentes tipos de cartas en ingl\u00e9s que pueden utilizarse en diversas ocasiones. Algunos de los tipos de cartas m\u00e1s utilizados son:<\/p>\n<ul>\n<li><a href=\"https:\/\/milformatos.com\/us\/carta\/como-hacer-una-carta-en-ingles\/\">Formales<\/a><\/li>\n<li><a href=\"https:\/\/milformatos.com\/us\/carta\/informal-en-ingles\/\">Informales<\/a><\/li>\n<li><a href=\"https:\/\/milformatos.com\/us\/carta\/de-amor-en-ingles\/\">De amor<\/a><\/li>\n<li><a href=\"https:\/\/milformatos.com\/us\/carta\/para-un-amigo-o-amiga-en-ingles\/\">Para un amigo<\/a><\/li>\n<li><a href=\"https:\/\/milformatos.com\/us\/carta\/de-renuncia-en-ingles\/\">De renuncia<\/a><\/li>\n<li><a href=\"https:\/\/milformatos.com\/us\/carta\/de-recomendacion-en-ingles\/\">De recomendaci\u00f3n<\/a><\/li>\n<li><a href=\"https:\/\/milformatos.com\/us\/carta\/de-autorizacion-en-ingles\/\">De autorizaci\u00f3n<\/a><\/li>\n<li><a href=\"https:\/\/milformatos.com\/us\/carta\/de-cumpleanos-en-ingles\/\">De cumplea\u00f1os<\/a><\/li>\n<\/ul>\n<h2>Formatos en Word, Google Docs y PDF<\/h2>\n<p>En Mil Formatos te brindamos todas las herramientas que necesitas para poder redactar cualquier tipo de carta en ingl\u00e9s de manera correcta. Podr\u00e1s leer diferentes ejemplos, consejos e incluso descargar modelos de diferentes cartas en ingl\u00e9s para que puedas utilizar.<\/p>\n<p>Los formatos que encontrar\u00e1s son en Word y Google Docs para que despu\u00e9s los descargues y guardes como PDF o pudas imprimirlo, para que escojas cu\u00e1l te resulta m\u00e1s pr\u00e1ctico. Si no encuentras el estilo de carta que necesitas o tienes alguna duda, cont\u00e1ctanos. Estaremos encantados de ayudarte a resolverlo.<\/p>\n<h2>Ejemplos de Cartas en Ingl\u00e9s<\/h2>\n","protected":false},"excerpt":{"rendered":"<p>Las Cartas en Ingl\u00e9s, al igual que las conocemos en espa\u00f1ol, son documentos que han servido como una manera de comunicar a un emisor o remitente con un receptor o destinatario desde tiempos muy antiguos. Saber c\u00f3mo escribir una carta en ingl\u00e9s es tan importante como hacerlo en el idioma propio, m\u00e1s a\u00fan si vives [&hellip;]<\/p>\n","protected":false},"author":5,"featured_media":0,"parent":0,"menu_order":0,"comment_status":"closed","ping_status":"closed","template":"listado.php","meta":{"footnotes":""},"yoast_head":"<!-- This site is optimized with the Yoast SEO plugin v22.4 - https:\/\/yoast.com\/wordpress\/plugins\/seo\/ -->\n<title>Cartas en Ingl\u00e9s Ejemplos y Formatos | Milformatos US<\/title>\n<meta name=\"description\" content=\"Aprende c\u00f3mo redactar las Cartas en Ingl\u00e9s m\u00e1s utilizadas | Conoce su Estructura * Elementos * Ejemplos y Formatos Descargables Gratis\" \/>\n<meta name=\"robots\" content=\"index, follow, max-snippet:-1, max-image-preview:large, max-video-preview:-1\" \/>\n<link rel=\"canonical\" href=\"https:\/\/milformatos.com\/us\/cartas\/\" \/>\n<meta property=\"og:locale\" content=\"es_ES\" \/>\n<meta property=\"og:type\" content=\"article\" \/>\n<meta property=\"og:title\" content=\"Cartas en Ingl\u00e9s Ejemplos y Formatos | Milformatos US\" \/>\n<meta property=\"og:description\" content=\"Aprende c\u00f3mo redactar las Cartas en Ingl\u00e9s m\u00e1s utilizadas | Conoce su Estructura * Elementos * Ejemplos y Formatos Descargables Gratis\" \/>\n<meta property=\"og:url\" content=\"https:\/\/milformatos.com\/us\/cartas\/\" \/>\n<meta property=\"og:site_name\" content=\"Milformatos US\" \/>\n<meta property=\"article:modified_time\" content=\"2023-06-15T21:20:13+00:00\" \/>\n<meta name=\"twitter:card\" content=\"summary_large_image\" \/>\n<meta name=\"twitter:label1\" content=\"Tiempo de lectura\" \/>\n\t<meta name=\"twitter:data1\" content=\"2 minutos\" \/>\n<script type=\"application\/ld+json\" class=\"yoast-schema-graph\">{\"@context\":\"https:\/\/schema.org\",\"@graph\":[{\"@type\":\"WebPage\",\"@id\":\"https:\/\/milformatos.com\/us\/cartas\/\",\"url\":\"https:\/\/milformatos.com\/us\/cartas\/\",\"name\":\"Cartas en Ingl\u00e9s Ejemplos y Formatos | Milformatos US\",\"isPartOf\":{\"@id\":\"https:\/\/milformatos.com\/us\/#website\"},\"datePublished\":\"2021-08-18T18:10:35+00:00\",\"dateModified\":\"2023-06-15T21:20:13+00:00\",\"description\":\"Aprende c\u00f3mo redactar las Cartas en Ingl\u00e9s m\u00e1s utilizadas | Conoce su Estructura * Elementos * Ejemplos y Formatos Descargables Gratis\",\"breadcrumb\":{\"@id\":\"https:\/\/milformatos.com\/us\/cartas\/#breadcrumb\"},\"inLanguage\":\"es\",\"potentialAction\":[{\"@type\":\"ReadAction\",\"target\":[\"https:\/\/milformatos.com\/us\/cartas\/\"]}]},{\"@type\":\"BreadcrumbList\",\"@id\":\"https:\/\/milformatos.com\/us\/cartas\/#breadcrumb\",\"itemListElement\":[{\"@type\":\"ListItem\",\"position\":1,\"name\":\"Home\",\"item\":\"https:\/\/milformatos.com\/us\/\"},{\"@type\":\"ListItem\",\"position\":2,\"name\":\"Cartas en Ingl\u00e9s\"}]},{\"@type\":\"WebSite\",\"@id\":\"https:\/\/milformatos.com\/us\/#website\",\"url\":\"https:\/\/milformatos.com\/us\/\",\"name\":\"Milformatos US\",\"description\":\"Modelos y Plantillas en Ingl\u00e9s Explicado en Espa\u00f1ol\",\"publisher\":{\"@id\":\"https:\/\/milformatos.com\/us\/#organization\"},\"potentialAction\":[{\"@type\":\"SearchAction\",\"target\":{\"@type\":\"EntryPoint\",\"urlTemplate\":\"https:\/\/milformatos.com\/us\/?s={search_term_string}\"},\"query-input\":\"required name=search_term_string\"}],\"inLanguage\":\"es\"},{\"@type\":\"Organization\",\"@id\":\"https:\/\/milformatos.com\/us\/#organization\",\"name\":\"Mil Formatos usa\",\"url\":\"https:\/\/milformatos.com\/us\/\",\"logo\":{\"@type\":\"ImageObject\",\"inLanguage\":\"es\",\"@id\":\"https:\/\/milformatos.com\/us\/#\/schema\/logo\/image\/\",\"url\":\"https:\/\/milformatos.com\/us\/wp-content\/uploads\/2022\/07\/logo.png\",\"contentUrl\":\"https:\/\/milformatos.com\/us\/wp-content\/uploads\/2022\/07\/logo.png\",\"width\":148,\"height\":60,\"caption\":\"Mil Formatos usa\"},\"image\":{\"@id\":\"https:\/\/milformatos.com\/us\/#\/schema\/logo\/image\/\"}}]}<\/script>\n<!-- \/ Yoast SEO plugin. -->","yoast_head_json":{"title":"Cartas en Ingl\u00e9s Ejemplos y Formatos | Milformatos US","description":"Aprende c\u00f3mo redactar las Cartas en Ingl\u00e9s m\u00e1s utilizadas | Conoce su Estructura * Elementos * Ejemplos y Formatos Descargables Gratis","robots":{"index":"index","follow":"follow","max-snippet":"max-snippet:-1","max-image-preview":"max-image-preview:large","max-video-preview":"max-video-preview:-1"},"canonical":"https:\/\/milformatos.com\/us\/cartas\/","og_locale":"es_ES","og_type":"article","og_title":"Cartas en Ingl\u00e9s Ejemplos y Formatos | Milformatos US","og_description":"Aprende c\u00f3mo redactar las Cartas en Ingl\u00e9s m\u00e1s utilizadas | Conoce su Estructura * Elementos * Ejemplos y Formatos Descargables Gratis","og_url":"https:\/\/milformatos.com\/us\/cartas\/","og_site_name":"Milformatos US","article_modified_time":"2023-06-15T21:20:13+00:00","twitter_card":"summary_large_image","twitter_misc":{"Tiempo de lectura":"2 minutos"},"schema":{"@context":"https:\/\/schema.org","@graph":[{"@type":"WebPage","@id":"https:\/\/milformatos.com\/us\/cartas\/","url":"https:\/\/milformatos.com\/us\/cartas\/","name":"Cartas en Ingl\u00e9s Ejemplos y Formatos | Milformatos US","isPartOf":{"@id":"https:\/\/milformatos.com\/us\/#website"},"datePublished":"2021-08-18T18:10:35+00:00","dateModified":"2023-06-15T21:20:13+00:00","description":"Aprende c\u00f3mo redactar las Cartas en Ingl\u00e9s m\u00e1s utilizadas | Conoce su Estructura * Elementos * Ejemplos y Formatos Descargables Gratis","breadcrumb":{"@id":"https:\/\/milformatos.com\/us\/cartas\/#breadcrumb"},"inLanguage":"es","potentialAction":[{"@type":"ReadAction","target":["https:\/\/milformatos.com\/us\/cartas\/"]}]},{"@type":"BreadcrumbList","@id":"https:\/\/milformatos.com\/us\/cartas\/#breadcrumb","itemListElement":[{"@type":"ListItem","position":1,"name":"Home","item":"https:\/\/milformatos.com\/us\/"},{"@type":"ListItem","position":2,"name":"Cartas en Ingl\u00e9s"}]},{"@type":"WebSite","@id":"https:\/\/milformatos.com\/us\/#website","url":"https:\/\/milformatos.com\/us\/","name":"Milformatos US","description":"Modelos y Plantillas en Ingl\u00e9s Explicado en Espa\u00f1ol","publisher":{"@id":"https:\/\/milformatos.com\/us\/#organization"},"potentialAction":[{"@type":"SearchAction","target":{"@type":"EntryPoint","urlTemplate":"https:\/\/milformatos.com\/us\/?s={search_term_string}"},"query-input":"required name=search_term_string"}],"inLanguage":"es"},{"@type":"Organization","@id":"https:\/\/milformatos.com\/us\/#organization","name":"Mil Formatos usa","url":"https:\/\/milformatos.com\/us\/","logo":{"@type":"ImageObject","inLanguage":"es","@id":"https:\/\/milformatos.com\/us\/#\/schema\/logo\/image\/","url":"https:\/\/milformatos.com\/us\/wp-content\/uploads\/2022\/07\/logo.png","contentUrl":"https:\/\/milformatos.com\/us\/wp-content\/uploads\/2022\/07\/logo.png","width":148,"height":60,"caption":"Mil Formatos usa"},"image":{"@id":"https:\/\/milformatos.com\/us\/#\/schema\/logo\/image\/"}}]}},"_links":{"self":[{"href":"https:\/\/milformatos.com\/us\/wp-json\/wp\/v2\/pages\/504"}],"collection":[{"href":"https:\/\/milformatos.com\/us\/wp-json\/wp\/v2\/pages"}],"about":[{"href":"https:\/\/milformatos.com\/us\/wp-json\/wp\/v2\/types\/page"}],"author":[{"embeddable":true,"href":"https:\/\/milformatos.com\/us\/wp-json\/wp\/v2\/users\/5"}],"replies":[{"embeddable":true,"href":"https:\/\/milformatos.com\/us\/wp-json\/wp\/v2\/comments?post=504"}],"version-history":[{"count":7,"href":"https:\/\/milformatos.com\/us\/wp-json\/wp\/v2\/pages\/504\/revisions"}],"predecessor-version":[{"id":1303,"href":"https:\/\/milformatos.com\/us\/wp-json\/wp\/v2\/pages\/504\/revisions\/1303"}],"wp:attachment":[{"href":"https:\/\/milformatos.com\/us\/wp-json\/wp\/v2\/media?parent=504"}],"curies":[{"name":"wp","href":"https:\/\/api.w.org\/{rel}","templated":true}]}}